{"id":1589,"date":"2026-02-19T10:27:24","date_gmt":"2026-02-19T10:27:24","guid":{"rendered":"https:\/\/surmenosgb.com.tr\/?page_id=1589"},"modified":"2026-02-19T11:25:17","modified_gmt":"2026-02-19T11:25:17","slug":"learning-hazard-class","status":"publish","type":"page","link":"https:\/\/surmenosgb.com.tr\/en\/tehlike-sinifi-ogrenme\/","title":{"rendered":"Hazard Class Learning"},"content":{"rendered":"<div data-elementor-type=\"wp-page\" data-elementor-id=\"1589\" class=\"elementor elementor-1589\" data-elementor-post-type=\"page\">\n\t\t\t\t<div class=\"elementor-element elementor-element-94cbebf e-flex e-con-boxed e-con e-parent\" data-id=\"94cbebf\" data-element_type=\"container\" data-e-type=\"container\" data-settings=\"{&quot;background_background&quot;:&quot;classic&quot;,&quot;shape_divider_bottom&quot;:&quot;tilt&quot;,&quot;jet_parallax_layout_list&quot;:[]}\">\n\t\t\t\t\t<div class=\"e-con-inner\">\n\t\t\t\t<div class=\"elementor-shape elementor-shape-bottom\" aria-hidden=\"true\" data-negative=\"false\">\n\t\t\t<svg xmlns=\"http:\/\/www.w3.org\/2000\/svg\" viewbox=\"0 0 1000 100\" preserveaspectratio=\"none\">\n\t<path class=\"elementor-shape-fill\" d=\"M0,6V0h1000v100L0,6z\"\/>\n<\/svg>\t\t<\/div>\n\t\t\t\t<div class=\"elementor-element elementor-element-732358e elementor-icon-list--layout-inline elementor-align-center elementor-list-item-link-full_width elementor-widget elementor-widget-icon-list\" data-id=\"732358e\" data-element_type=\"widget\" data-e-type=\"widget\" data-widget_type=\"icon-list.default\">\n\t\t\t\t<div class=\"elementor-widget-container\">\n\t\t\t\t\t\t\t<ul class=\"elementor-icon-list-items elementor-inline-items\">\n\t\t\t\t\t\t\t<li class=\"elementor-icon-list-item elementor-inline-item\">\n\t\t\t\t\t\t\t\t\t\t\t<a href=\"https:\/\/surmenosgb.com.tr\/en\">\n\n\t\t\t\t\t\t\t\t\t\t\t\t<span class=\"elementor-icon-list-icon\">\n\t\t\t\t\t\t\t<i aria-hidden=\"true\" class=\"icon icon-fi-rr-home\"><\/i>\t\t\t\t\t\t<\/span>\n\t\t\t\t\t\t\t\t\t\t<span class=\"elementor-icon-list-text\">Home Page<\/span>\n\t\t\t\t\t\t\t\t\t\t\t<\/a>\n\t\t\t\t\t\t\t\t\t<\/li>\n\t\t\t\t\t\t\t\t<li class=\"elementor-icon-list-item elementor-inline-item\">\n\t\t\t\t\t\t\t\t\t\t\t<a href=\"https:\/\/surmenosgb.com.tr\/en\/tehlike-sinifi-ogrenme\/\">\n\n\t\t\t\t\t\t\t\t\t\t\t\t<span class=\"elementor-icon-list-icon\">\n\t\t\t\t\t\t\t<i aria-hidden=\"true\" class=\"icon icon-fi-rr-angle-small-right\"><\/i>\t\t\t\t\t\t<\/span>\n\t\t\t\t\t\t\t\t\t\t<span class=\"elementor-icon-list-text\">Hazard Class Learning<\/span>\n\t\t\t\t\t\t\t\t\t\t\t<\/a>\n\t\t\t\t\t\t\t\t\t<\/li>\n\t\t\t\t\t\t<\/ul>\n\t\t\t\t\t\t<\/div>\n\t\t\t\t<\/div>\n\t\t\t\t<div class=\"elementor-element elementor-element-dd56d25 elementor-widget elementor-widget-heading\" data-id=\"dd56d25\" data-element_type=\"widget\" data-e-type=\"widget\" data-widget_type=\"heading.default\">\n\t\t\t\t<div class=\"elementor-widget-container\">\n\t\t\t\t\t<h1 class=\"elementor-heading-title elementor-size-default\">Hazard Class Learning<\/h1>\t\t\t\t<\/div>\n\t\t\t\t<\/div>\n\t\t\t\t\t<\/div>\n\t\t\t\t<\/div>\n\t\t<div class=\"elementor-element elementor-element-101ae61 e-flex e-con-boxed e-con e-parent\" data-id=\"101ae61\" data-element_type=\"container\" data-e-type=\"container\" data-settings=\"{&quot;jet_parallax_layout_list&quot;:[]}\">\n\t\t\t\t\t<div class=\"e-con-inner\">\n\t\t\t\t<div class=\"elementor-element elementor-element-42b4e2d elementor-widget elementor-widget-heading\" data-id=\"42b4e2d\" data-element_type=\"widget\" data-e-type=\"widget\" data-widget_type=\"heading.default\">\n\t\t\t\t<div class=\"elementor-widget-container\">\n\t\t\t\t\t<h5 class=\"elementor-heading-title elementor-size-default\">Know Your Hazard Class<\/h5>\t\t\t\t<\/div>\n\t\t\t\t<\/div>\n\t\t\t\t<div class=\"elementor-element elementor-element-faf2f0d elementor-widget elementor-widget-tehlike_sinifi_ara\" data-id=\"faf2f0d\" data-element_type=\"widget\" data-e-type=\"widget\" data-widget_type=\"tehlike_sinifi_ara.default\">\n\t\t\t\t<div class=\"elementor-widget-container\">\n\t\t\t\t\t\t\t<div class=\"ts-tehlike-ara ts-tehlike-ara--varsayilan\" data-limit=\"20\" data-only-tehlike=\"1\" data-tehlike-layout=\"separate\">\n\t\t\t<div class=\"ts-tehlike-ara__inner\">\n\t\t\t\t<input type=\"search\" class=\"ts-tehlike-ara__input\" placeholder=\"NACE code, definition or hazard class.\" autocomplete=\"off\" \/>\n\t\t\t\t<button type=\"button\" class=\"ts-tehlike-ara__btn\">Search<\/button>\n\t\t\t<\/div>\n\t\t\t<div class=\"ts-tehlike-ara__results\" aria-live=\"polite\"><\/div>\n\t\t<\/div>\n\t\t\t\t\t\t<\/div>\n\t\t\t\t<\/div>\n\t\t\t\t<div class=\"elementor-element elementor-element-1c51e36 elementor-widget elementor-widget-text-editor\" data-id=\"1c51e36\" data-element_type=\"widget\" data-e-type=\"widget\" data-widget_type=\"text-editor.default\">\n\t\t\t\t<div class=\"elementor-widget-container\">\n\t\t\t\t\t\t\t\t\t<p>According to the LIST OF HAZARD CLASSES REGARDING OCCUPATIONAL HEALTH AND SAFETY published in the Official Gazette dated March 29, 2013 and numbered 28602, all enterprises are divided into 3 classes as follows:<\/p><ul><li>Less Hazardous Class: Office activities, retailing, hotels, schools, etc.<\/li><li>Hazardous Class: Footwear, furniture, detergents, meat production, dentistry, etc.<\/li><li>Very Dangerous Class: Construction sector, hospitals, petrol stations etc.<\/li><\/ul><p><strong>Dangerous \/ Very Dangerous<\/strong>\u00a0Employers operating in the classes are obliged to provide continuous Occupational Safety Expertise, Workplace Medicine and Services to their employees as of 01 JANUARY 2014.<\/p><p><strong>Less Dangerous<\/strong>\u00a0As of 01 JANUARY 2013, all employers are obliged to prepare Risk Assessments, Emergency Plans and have their employees receive Occupational Health and Safety (OHS) Basic Training from authorized OSGBs. Those who are in the less dangerous class and have 50+ employees are obliged to provide continuous Occupational Safety Expertise, Workplace Medicine and Services to their employees.<\/p>\t\t\t\t\t\t\t\t<\/div>\n\t\t\t\t<\/div>\n\t\t\t\t\t<\/div>\n\t\t\t\t<\/div>\n\t\t<div class=\"elementor-element elementor-element-02e6a91 e-flex e-con-boxed e-con e-parent\" data-id=\"02e6a91\" data-element_type=\"container\" data-e-type=\"container\" data-settings=\"{&quot;jet_parallax_layout_list&quot;:[]}\">\n\t\t\t\t\t<div class=\"e-con-inner\">\n\t\t\t\t<div class=\"elementor-element elementor-element-00720bf elementor-widget elementor-widget-heading\" data-id=\"00720bf\" data-element_type=\"widget\" data-e-type=\"widget\" data-widget_type=\"heading.default\">\n\t\t\t\t<div class=\"elementor-widget-container\">\n\t\t\t\t\t<h5 class=\"elementor-heading-title elementor-size-default\">Nace Code, Hazard Classes Table<\/h5>\t\t\t\t<\/div>\n\t\t\t\t<\/div>\n\t\t\t\t<div class=\"elementor-element elementor-element-d2a1cad elementor-widget elementor-widget-tehlike_sinifi_tablo\" data-id=\"d2a1cad\" data-element_type=\"widget\" data-e-type=\"widget\" data-widget_type=\"tehlike_sinifi_tablo.default\">\n\t\t\t\t<div class=\"elementor-widget-container\">\n\t\t\t\t\t\t\t<div class=\"ts-tehlike-tablo ts-tehlike-tablo--varsayilan\" data-per-page=\"25\" data-only-tehlike=\"1\">\n\t\t\t<div class=\"ts-tehlike-tablo__wrap\">\n\t\t\t\t<table class=\"ts-tehlike-tablo__table\">\n\t\t\t\t\t<thead>\n\t\t\t\t\t\t<tr>\n\t\t\t\t\t\t\t<th class=\"ts-tehlike-tablo__th\">NACE Code<\/th>\n\t\t\t\t\t\t\t<th class=\"ts-tehlike-tablo__th\">Definition<\/th>\n\t\t\t\t\t\t\t<th class=\"ts-tehlike-tablo__th\">Hazard Class<\/th>\n\t\t\t\t\t\t<\/tr>\n\t\t\t\t\t<\/thead>\n\t\t\t\t\t<tbody class=\"ts-tehlike-tablo__body\"><\/tbody>\n\t\t\t\t<\/table>\n\t\t\t<\/div>\n\t\t\t<div class=\"ts-tehlike-tablo__pagination\"><\/div>\n\t\t<\/div>\n\t\t\t\t\t\t<\/div>\n\t\t\t\t<\/div>\n\t\t\t\t\t<\/div>\n\t\t\t\t<\/div>\n\t\t\t\t<\/div>","protected":false},"excerpt":{"rendered":"<p>Ana Sayfa Tehlike S\u0131n\u0131f\u0131n\u0131z\u0131 \u00d6\u011frenin Ara 29 Mart 2013 Tarih ve 28602 Say\u0131l\u0131 Resmi Gazete\u2019de yay\u0131nlanan \u0130\u015e SA\u011eLI\u011eI VE G\u00dcVENL\u0130\u011e\u0130NE \u0130L\u0130\u015eK\u0130N TEHL\u0130KE SINIFLARI L\u0130STES\u0130 TEBL\u0130\u011e\u0130\u2019ne g\u00f6re t\u00fcm i\u015fletmeler a\u015fa\u011f\u0131daki gibi 3 s\u0131n\u0131fa ayr\u0131lm\u0131\u015ft\u0131r: Az Tehlikeli S\u0131n\u0131f: B\u00fcro faaliyetleri, perakendecilik, oteller, okullar vb. Tehlikeli S\u0131n\u0131f: Ayakkab\u0131, mobilya, deterjan, et \u00fcretimi, di\u015f hekimli\u011fi vb. \u00c7ok Tehlikeli S\u0131n\u0131f: [&hellip;]<\/p>\n","protected":false},"author":2,"featured_media":0,"parent":0,"menu_order":0,"comment_status":"closed","ping_status":"closed","template":"elementor_header_footer","meta":{"footnotes":""},"class_list":["post-1589","page","type-page","status-publish","hentry"],"_links":{"self":[{"href":"https:\/\/surmenosgb.com.tr\/en\/wp-json\/wp\/v2\/pages\/1589","targetHints":{"allow":["GET"]}}],"collection":[{"href":"https:\/\/surmenosgb.com.tr\/en\/wp-json\/wp\/v2\/pages"}],"about":[{"href":"https:\/\/surmenosgb.com.tr\/en\/wp-json\/wp\/v2\/types\/page"}],"author":[{"embeddable":true,"href":"https:\/\/surmenosgb.com.tr\/en\/wp-json\/wp\/v2\/users\/2"}],"replies":[{"embeddable":true,"href":"https:\/\/surmenosgb.com.tr\/en\/wp-json\/wp\/v2\/comments?post=1589"}],"version-history":[{"count":31,"href":"https:\/\/surmenosgb.com.tr\/en\/wp-json\/wp\/v2\/pages\/1589\/revisions"}],"predecessor-version":[{"id":1623,"href":"https:\/\/surmenosgb.com.tr\/en\/wp-json\/wp\/v2\/pages\/1589\/revisions\/1623"}],"wp:attachment":[{"href":"https:\/\/surmenosgb.com.tr\/en\/wp-json\/wp\/v2\/media?parent=1589"}],"curies":[{"name":"wp","href":"https:\/\/api.w.org\/{rel}","templated":true}]}}