{"id":1629,"date":"2026-02-19T11:16:31","date_gmt":"2026-02-19T11:16:31","guid":{"rendered":"https:\/\/surmenosgb.com.tr\/?page_id=1629"},"modified":"2026-02-19T11:25:39","modified_gmt":"2026-02-19T11:25:39","slug":"working-time-calculation","status":"publish","type":"page","link":"https:\/\/surmenosgb.com.tr\/en\/calisma-suresi-hesaplama\/","title":{"rendered":"Working Time Calculation"},"content":{"rendered":"<div data-elementor-type=\"wp-page\" data-elementor-id=\"1629\" class=\"elementor elementor-1629\" data-elementor-post-type=\"page\">\n\t\t\t\t<div class=\"elementor-element elementor-element-94cbebf e-flex e-con-boxed e-con e-parent\" data-id=\"94cbebf\" data-element_type=\"container\" data-e-type=\"container\" data-settings=\"{&quot;background_background&quot;:&quot;classic&quot;,&quot;shape_divider_bottom&quot;:&quot;tilt&quot;,&quot;jet_parallax_layout_list&quot;:[]}\">\n\t\t\t\t\t<div class=\"e-con-inner\">\n\t\t\t\t<div class=\"elementor-shape elementor-shape-bottom\" aria-hidden=\"true\" data-negative=\"false\">\n\t\t\t<svg xmlns=\"http:\/\/www.w3.org\/2000\/svg\" viewbox=\"0 0 1000 100\" preserveaspectratio=\"none\">\n\t<path class=\"elementor-shape-fill\" d=\"M0,6V0h1000v100L0,6z\"\/>\n<\/svg>\t\t<\/div>\n\t\t\t\t<div class=\"elementor-element elementor-element-732358e elementor-icon-list--layout-inline elementor-align-center elementor-list-item-link-full_width elementor-widget elementor-widget-icon-list\" data-id=\"732358e\" data-element_type=\"widget\" data-e-type=\"widget\" data-widget_type=\"icon-list.default\">\n\t\t\t\t<div class=\"elementor-widget-container\">\n\t\t\t\t\t\t\t<ul class=\"elementor-icon-list-items elementor-inline-items\">\n\t\t\t\t\t\t\t<li class=\"elementor-icon-list-item elementor-inline-item\">\n\t\t\t\t\t\t\t\t\t\t\t<a href=\"https:\/\/surmenosgb.com.tr\/en\">\n\n\t\t\t\t\t\t\t\t\t\t\t\t<span class=\"elementor-icon-list-icon\">\n\t\t\t\t\t\t\t<i aria-hidden=\"true\" class=\"icon icon-fi-rr-home\"><\/i>\t\t\t\t\t\t<\/span>\n\t\t\t\t\t\t\t\t\t\t<span class=\"elementor-icon-list-text\">Home Page<\/span>\n\t\t\t\t\t\t\t\t\t\t\t<\/a>\n\t\t\t\t\t\t\t\t\t<\/li>\n\t\t\t\t\t\t\t\t<li class=\"elementor-icon-list-item elementor-inline-item\">\n\t\t\t\t\t\t\t\t\t\t\t<a href=\"https:\/\/surmenosgb.com.tr\/en\/calisma-suresi-hesaplama\/\">\n\n\t\t\t\t\t\t\t\t\t\t\t\t<span class=\"elementor-icon-list-icon\">\n\t\t\t\t\t\t\t<i aria-hidden=\"true\" class=\"icon icon-fi-rr-angle-small-right\"><\/i>\t\t\t\t\t\t<\/span>\n\t\t\t\t\t\t\t\t\t\t<span class=\"elementor-icon-list-text\">Working Time Calculation<\/span>\n\t\t\t\t\t\t\t\t\t\t\t<\/a>\n\t\t\t\t\t\t\t\t\t<\/li>\n\t\t\t\t\t\t<\/ul>\n\t\t\t\t\t\t<\/div>\n\t\t\t\t<\/div>\n\t\t\t\t<div class=\"elementor-element elementor-element-dd56d25 elementor-widget elementor-widget-heading\" data-id=\"dd56d25\" data-element_type=\"widget\" data-e-type=\"widget\" data-widget_type=\"heading.default\">\n\t\t\t\t<div class=\"elementor-widget-container\">\n\t\t\t\t\t<h1 class=\"elementor-heading-title elementor-size-default\">Working Time Calculation<\/h1>\t\t\t\t<\/div>\n\t\t\t\t<\/div>\n\t\t\t\t\t<\/div>\n\t\t\t\t<\/div>\n\t\t<div class=\"elementor-element elementor-element-101ae61 e-flex e-con-boxed e-con e-parent\" data-id=\"101ae61\" data-element_type=\"container\" data-e-type=\"container\" data-settings=\"{&quot;jet_parallax_layout_list&quot;:[]}\">\n\t\t\t\t\t<div class=\"e-con-inner\">\n\t\t\t\t<div class=\"elementor-element elementor-element-42b4e2d elementor-widget elementor-widget-heading\" data-id=\"42b4e2d\" data-element_type=\"widget\" data-e-type=\"widget\" data-widget_type=\"heading.default\">\n\t\t\t\t<div class=\"elementor-widget-container\">\n\t\t\t\t\t<h5 class=\"elementor-heading-title elementor-size-default\">Calculate OHS Working Time<\/h5>\t\t\t\t<\/div>\n\t\t\t\t<\/div>\n\t\t\t\t<div class=\"elementor-element elementor-element-f0105a1 elementor-widget elementor-widget-calisma_suresi_tablo\" data-id=\"f0105a1\" data-element_type=\"widget\" data-e-type=\"widget\" data-widget_type=\"calisma_suresi_tablo.default\">\n\t\t\t\t<div class=\"elementor-widget-container\">\n\t\t\t\t\t\t\t<div class=\"cs-tablo cs-tablo--varsayilan\" data-sadece-sinif=\"\">\n\t\t\t<div class=\"cs-tablo__inner\">\n\t\t\t\t<label class=\"cs-tablo__label\">Number of employees<\/label>\n\t\t\t\t<input type=\"number\" class=\"cs-tablo__input\" min=\"1\" max=\"50000\" step=\"1\" placeholder=\"\u00d6rn. 100\" value=\"\" aria-label=\"Number of employees\" \/>\n\t\t\t<\/div>\n\t\t\t<div class=\"cs-tablo__wrap\">\n\t\t\t\t<table class=\"cs-tablo__table\">\n\t\t\t\t\t<thead>\n\t\t\t\t\t\t<tr>\n\t\t\t\t\t\t\t<th class=\"cs-tablo__th cs-tablo__th--personel\">Personel \/ Tehlike s\u0131n\u0131f\u0131<\/th>\n\t\t\t\t\t\t\t\t\t\t\t\t\t\t\t<th class=\"cs-tablo__th\">Less Dangerous<\/th>\n\t\t\t\t\t\t\t\t<th class=\"cs-tablo__th\">Dangerous<\/th>\n\t\t\t\t\t\t\t\t<th class=\"cs-tablo__th\">Very Dangerous<\/th>\n\t\t\t\t\t\t\t\t\t\t\t\t\t<\/tr>\n\t\t\t\t\t<\/thead>\n\t\t\t\t\t<tbody class=\"cs-tablo__body\">\n\t\t\t\t\t\t<tr class=\"cs-tablo__row cs-tablo__row--isg\">\n\t\t\t\t\t\t\t<td class=\"cs-tablo__td cs-tablo__td--label\">Occupational Safety Specialist<\/td>\n\t\t\t\t\t\t\t<td class=\"cs-tablo__td cs-tablo__td--value\" data-sinif=\"az\" data-key=\"isg_uzmani_metin\">\u2013<\/td><td class=\"cs-tablo__td cs-tablo__td--value\" data-sinif=\"tehlikeli\" data-key=\"isg_uzmani_metin\">\u2013<\/td><td class=\"cs-tablo__td cs-tablo__td--value\" data-sinif=\"cok\" data-key=\"isg_uzmani_metin\">\u2013<\/td>\t\t\t\t\t\t<\/tr>\n\t\t\t\t\t\t<tr class=\"cs-tablo__row cs-tablo__row--hekim\">\n\t\t\t\t\t\t\t<td class=\"cs-tablo__td cs-tablo__td--label\">Workplace Physician<\/td>\n\t\t\t\t\t\t\t<td class=\"cs-tablo__td cs-tablo__td--value\" data-sinif=\"az\" data-key=\"isyeri_hekimi_metin\">\u2013<\/td><td class=\"cs-tablo__td cs-tablo__td--value\" data-sinif=\"tehlikeli\" data-key=\"isyeri_hekimi_metin\">\u2013<\/td><td class=\"cs-tablo__td cs-tablo__td--value\" data-sinif=\"cok\" data-key=\"isyeri_hekimi_metin\">\u2013<\/td>\t\t\t\t\t\t<\/tr>\n\t\t\t\t\t\t<tr class=\"cs-tablo__row cs-tablo__row--diger\">\n\t\t\t\t\t\t\t<td class=\"cs-tablo__td cs-tablo__td--label\">Other Health Personnel<\/td>\n\t\t\t\t\t\t\t<td class=\"cs-tablo__td cs-tablo__td--value\" data-sinif=\"az\" data-key=\"diger_saglik_metin\">\u2013<\/td><td class=\"cs-tablo__td cs-tablo__td--value\" data-sinif=\"tehlikeli\" data-key=\"diger_saglik_metin\">\u2013<\/td><td class=\"cs-tablo__td cs-tablo__td--value\" data-sinif=\"cok\" data-key=\"diger_saglik_metin\">\u2013<\/td>\t\t\t\t\t\t<\/tr>\n\t\t\t\t\t<\/tbody>\n\t\t\t\t<\/table>\n\t\t\t<\/div>\n\t\t\t<p class=\"cs-tablo__note\">Full day thresholds: Less Hazardous 1000+, Hazardous 500+, Very Hazardous 250+ workers.<\/p>\n\t\t<\/div>\n\t\t\t\t\t\t<\/div>\n\t\t\t\t<\/div>\n\t\t\t\t<div class=\"elementor-element elementor-element-1c51e36 elementor-widget elementor-widget-text-editor\" data-id=\"1c51e36\" data-element_type=\"widget\" data-e-type=\"widget\" data-widget_type=\"text-editor.default\">\n\t\t\t\t<div class=\"elementor-widget-container\">\n\t\t\t\t\t\t\t\t\t<p><strong>Classified as less dangerous;<\/strong>\u00a0For workplaces with 1000 or more employees, a full-time occupational physician\/occupational safety specialist and a sufficient number of occupational physicians\/occupational safety specialists who meet the above criteria shall be added.<\/p><p><strong>Classified as hazardous;<\/strong>\u00a0For workplaces with 500 or more employees, a full-time occupational physician\/occupational safety specialist and a sufficient number of occupational physicians\/occupational safety specialists who meet the above criteria shall be added.<\/p><p><strong>Classified as very dangerous;<\/strong>\u00a0In workplaces with 250 or more employees, a full-time occupational physician\/occupational safety specialist and enough occupational physicians\/occupational safety specialists who meet the above criteria are added.<\/p><table class=\"tb2\" border=\"0\" cellspacing=\"0\" cellpadding=\"0\"><tbody><tr><th width=\"25%\">\u00a0<\/th><th width=\"25%\">Less Dangerous<\/th><th width=\"25%\">Dangerous<\/th><th width=\"25%\">Very Dangerous<\/th><\/tr><tr><td>Occupational Safety Specialist<\/td><td>10 minutes.<\/td><td>20 minutes.<\/td><td>40 minutes.<\/td><\/tr><tr><td>Workplace Physician<\/td><td>5 minutes.<\/td><td>10 minutes.<\/td><td>15 minutes.<\/td><\/tr><tr><td>Other Health Personnel<\/td><td>\u2013<\/td><td>\u2013<\/td><td>*<\/td><\/tr><\/tbody><\/table><p>In the table above, according to the hazard class, the legal service time required per employee working in the workplace is specified.<\/p><p><strong>Other Health personnel service in workplaces classified as Very Dangerous; ;<\/strong><\/p><ul><li>10 minutes per employee in workplaces with 10-49 employees.<\/li><li>15 minutes per employee in workplaces with 50-249 employees.<\/li><li>In workplaces with 250 or more personnel, it will be calculated as 20 minutes per personnel.<\/li><\/ul>\t\t\t\t\t\t\t\t<\/div>\n\t\t\t\t<\/div>\n\t\t\t\t\t<\/div>\n\t\t\t\t<\/div>\n\t\t\t\t<\/div>","protected":false},"excerpt":{"rendered":"<p>Ana Sayfa \u0130SG \u00c7al\u0131\u015fma S\u00fcresi Hesaplay\u0131n \u00c7al\u0131\u015fan say\u0131s\u0131 Personel \/ Tehlike s\u0131n\u0131f\u0131 Az Tehlikeli Tehlikeli \u00c7ok Tehlikeli \u0130\u015f G\u00fcvenli\u011fi Uzman\u0131 \u2013 \u2013 \u2013 \u0130\u015fyeri Hekimi \u2013 \u2013 \u2013 Di\u011fer Sa\u011fl\u0131k Personeli \u2013 \u2013 \u2013 Tam g\u00fcn e\u015fikleri: Az Tehlikeli 1000+, Tehlikeli 500+, \u00c7ok Tehlikeli 250+ i\u015f\u00e7i. Az tehlikeli s\u0131n\u0131fta yer alan;\u00a01000 ve \u00fczerinde i\u015f\u00e7i \u00e7al\u0131\u015ft\u0131r\u0131lan [&hellip;]<\/p>\n","protected":false},"author":2,"featured_media":0,"parent":0,"menu_order":0,"comment_status":"closed","ping_status":"closed","template":"elementor_header_footer","meta":{"footnotes":""},"class_list":["post-1629","page","type-page","status-publish","hentry"],"_links":{"self":[{"href":"https:\/\/surmenosgb.com.tr\/en\/wp-json\/wp\/v2\/pages\/1629","targetHints":{"allow":["GET"]}}],"collection":[{"href":"https:\/\/surmenosgb.com.tr\/en\/wp-json\/wp\/v2\/pages"}],"about":[{"href":"https:\/\/surmenosgb.com.tr\/en\/wp-json\/wp\/v2\/types\/page"}],"author":[{"embeddable":true,"href":"https:\/\/surmenosgb.com.tr\/en\/wp-json\/wp\/v2\/users\/2"}],"replies":[{"embeddable":true,"href":"https:\/\/surmenosgb.com.tr\/en\/wp-json\/wp\/v2\/comments?post=1629"}],"version-history":[{"count":4,"href":"https:\/\/surmenosgb.com.tr\/en\/wp-json\/wp\/v2\/pages\/1629\/revisions"}],"predecessor-version":[{"id":1633,"href":"https:\/\/surmenosgb.com.tr\/en\/wp-json\/wp\/v2\/pages\/1629\/revisions\/1633"}],"wp:attachment":[{"href":"https:\/\/surmenosgb.com.tr\/en\/wp-json\/wp\/v2\/media?parent=1629"}],"curies":[{"name":"wp","href":"https:\/\/api.w.org\/{rel}","templated":true}]}}